{"id":21,"date":"2024-09-05T19:18:07","date_gmt":"2024-09-05T19:18:07","guid":{"rendered":"https:\/\/hmdecg.dyn.mk\/?page_id=21"},"modified":"2024-09-10T11:18:43","modified_gmt":"2024-09-10T14:18:43","slug":"formulario-fornecedor","status":"publish","type":"page","link":"https:\/\/hmdecg.dyn.mk\/?page_id=21","title":{"rendered":""},"content":{"rendered":"<style id=\"wpforms-css-vars-root\">\n\t\t\t\t:root {\n\t\t\t\t\t--wpforms-field-border-radius: 3px;\n--wpforms-field-border-style: solid;\n--wpforms-field-border-size: 1px;\n--wpforms-field-background-color: #ffffff;\n--wpforms-field-border-color: rgba( 0, 0, 0, 0.25 );\n--wpforms-field-border-color-spare: rgba( 0, 0, 0, 0.25 );\n--wpforms-field-text-color: rgba( 0, 0, 0, 0.7 );\n--wpforms-field-menu-color: #ffffff;\n--wpforms-label-color: rgba( 0, 0, 0, 0.85 );\n--wpforms-label-sublabel-color: rgba( 0, 0, 0, 0.55 );\n--wpforms-label-error-color: #d63637;\n--wpforms-button-border-radius: 3px;\n--wpforms-button-border-style: none;\n--wpforms-button-border-size: 1px;\n--wpforms-button-background-color: #066aab;\n--wpforms-button-border-color: #066aab;\n--wpforms-button-text-color: #ffffff;\n--wpforms-page-break-color: #066aab;\n--wpforms-background-image: none;\n--wpforms-background-position: center center;\n--wpforms-background-repeat: no-repeat;\n--wpforms-background-size: cover;\n--wpforms-background-width: 100px;\n--wpforms-background-height: 100px;\n--wpforms-background-color: rgba( 0, 0, 0, 0 );\n--wpforms-background-url: none;\n--wpforms-container-padding: 0px;\n--wpforms-container-border-style: none;\n--wpforms-container-border-width: 1px;\n--wpforms-container-border-color: #000000;\n--wpforms-container-border-radius: 3px;\n--wpforms-field-size-input-height: 43px;\n--wpforms-field-size-input-spacing: 15px;\n--wpforms-field-size-font-size: 16px;\n--wpforms-field-size-line-height: 19px;\n--wpforms-field-size-padding-h: 14px;\n--wpforms-field-size-checkbox-size: 16px;\n--wpforms-field-size-sublabel-spacing: 5px;\n--wpforms-field-size-icon-size: 1;\n--wpforms-label-size-font-size: 16px;\n--wpforms-label-size-line-height: 19px;\n--wpforms-label-size-sublabel-font-size: 14px;\n--wpforms-label-size-sublabel-line-height: 17px;\n--wpforms-button-size-font-size: 17px;\n--wpforms-button-size-height: 41px;\n--wpforms-button-size-padding-h: 15px;\n--wpforms-button-size-margin-top: 10px;\n--wpforms-container-shadow-size-box-shadow: none;\n\n\t\t\t\t}\n\t\t\t<\/style><div class=\"wpforms-container wpforms-container-full wpforms-block wpforms-block-9987c735-0a28-4e2d-8071-dd1460a6fddf wpforms-render-modern\" id=\"wpforms-7\"><form id=\"wpforms-form-7\" class=\"wpforms-validate wpforms-form wpforms-ajax-form\" data-formid=\"7\" method=\"post\" enctype=\"multipart\/form-data\" action=\"\/index.php?rest_route=%2Fwp%2Fv2%2Fpages%2F21\" data-token=\"a7edda52a0935abab21457b75d4efcd7\" data-token-time=\"1777815415\"><noscript class=\"wpforms-error-noscript\">Please enable JavaScript in your browser to complete this form.<\/noscript><div class=\"wpforms-hidden\" id=\"wpforms-error-noscript\">Please enable JavaScript in your browser to complete this form.<\/div><div class=\"wpforms-page-indicator progress\" data-indicator=\"progress\" data-indicator-color=\"#066aab\" data-scroll=\"1\" role=\"progressbar\" aria-valuenow=\"1\" aria-valuemin=\"1\" aria-valuemax=\"2\" tabindex=\"-1\"><span class=\"wpforms-page-indicator-page-title\" ><\/span><span class=\"wpforms-page-indicator-page-title-sep\" style=\"display:none;\"> &#8211; <\/span><span class=\"wpforms-page-indicator-steps\">Step <span class=\"wpforms-page-indicator-steps-current\">1<\/span> of 2<\/span><div class=\"wpforms-page-indicator-page-progress-wrap\"><div class=\"wpforms-page-indicator-page-progress\" style=\"width:50%;background-color:#066aab\"><\/div><\/div><\/div><div class=\"wpforms-field-container\"><div class=\"wpforms-page wpforms-page-1 \" data-page=\"1\"><div id=\"wpforms-7-field_22-container\" class=\"wpforms-field wpforms-field-pagebreak\" data-field-id=\"22\"><\/div><div id=\"wpforms-7-field_1-container\" class=\"wpforms-field wpforms-field-date-time\" data-field-id=\"1\"><fieldset><legend class=\"wpforms-field-label\">Data Hora<\/legend><div class=\"wpforms-field-row wpforms-field-medium\"><div class=\"wpforms-field-row-block wpforms-date-type-datepicker\"><div class=\"wpforms-datepicker-wrap\"><input type=\"text\" id=\"wpforms-7-field_1\" class=\"wpforms-field-date-time-date wpforms-datepicker\" data-date-format=\"m\/d\/Y\" data-disable-past-dates=\"0\" data-input=\"true\" name=\"wpforms[fields][1][date]\" aria-errormessage=\"wpforms-7-field_1-error\" ><a title=\"Clear Date\" data-clear class=\"wpforms-datepicker-clear\" style=\"display:none;\"><\/a><\/div><label for=\"wpforms-7-field_1\" class=\"wpforms-field-sublabel after\">Date<\/label><\/div><div class=\"wpforms-field-row-block\"><input type=\"text\" id=\"wpforms-7-field_1-time\" class=\"wpforms-field-date-time-time wpforms-timepicker\" data-time-format=\"g:i A\" data-step=\"30\" data-rule-time12h=\"true\" name=\"wpforms[fields][1][time]\" aria-errormessage=\"wpforms-7-field_1-time-error\" ><label for=\"wpforms-7-field_1-time\" class=\"wpforms-field-sublabel after\">Time<\/label><\/div><\/div><\/fieldset><\/div><div id=\"wpforms-7-field_2-container\" class=\"wpforms-field wpforms-field-text\" data-field-id=\"2\"><label class=\"wpforms-field-label\" for=\"wpforms-7-field_2\">Fornecedor<\/label><input type=\"text\" id=\"wpforms-7-field_2\" class=\"wpforms-field-medium\" name=\"wpforms[fields][2]\" aria-errormessage=\"wpforms-7-field_2-error\" ><\/div><div id=\"wpforms-7-field_27-container\" class=\"wpforms-field wpforms-field-text\" data-field-id=\"27\"><label class=\"wpforms-field-label\" for=\"wpforms-7-field_27\">Nota Fiscal<\/label><input type=\"text\" id=\"wpforms-7-field_27\" class=\"wpforms-field-medium\" name=\"wpforms[fields][27]\" aria-errormessage=\"wpforms-7-field_27-error\" ><\/div><div id=\"wpforms-7-field_28-container\" class=\"wpforms-field wpforms-field-text\" data-field-id=\"28\"><label class=\"wpforms-field-label\" for=\"wpforms-7-field_28\">Numero AF<\/label><input type=\"text\" id=\"wpforms-7-field_28\" class=\"wpforms-field-medium\" name=\"wpforms[fields][28]\" aria-errormessage=\"wpforms-7-field_28-error\" ><\/div><div id=\"wpforms-7-field_6-container\" class=\"wpforms-field wpforms-field-radio wpforms-list-2-columns\" data-field-id=\"6\"><fieldset><legend class=\"wpforms-field-label\">Endere\u00e7o de Entrega conforme NF?<\/legend><ul id=\"wpforms-7-field_6\"><li class=\"choice-1 depth-1\"><input type=\"radio\" id=\"wpforms-7-field_6_1\" name=\"wpforms[fields][6]\" value=\"SIM\" aria-errormessage=\"wpforms-7-field_6_1-error\"  ><label class=\"wpforms-field-label-inline\" for=\"wpforms-7-field_6_1\">SIM<\/label><\/li><li class=\"choice-2 depth-1\"><input type=\"radio\" id=\"wpforms-7-field_6_2\" name=\"wpforms[fields][6]\" value=\"N\u00c3O\" aria-errormessage=\"wpforms-7-field_6_2-error\"  ><label class=\"wpforms-field-label-inline\" for=\"wpforms-7-field_6_2\">N\u00c3O<\/label><\/li><\/ul><\/fieldset><\/div><div id=\"wpforms-7-field_7-container\" class=\"wpforms-field wpforms-field-radio wpforms-list-2-columns\" data-field-id=\"7\"><fieldset><legend class=\"wpforms-field-label\">CNPJ esta de acordo com a AF?<\/legend><ul id=\"wpforms-7-field_7\"><li class=\"choice-1 depth-1\"><input type=\"radio\" id=\"wpforms-7-field_7_1\" name=\"wpforms[fields][7]\" value=\"SIM\" aria-errormessage=\"wpforms-7-field_7_1-error\"  ><label class=\"wpforms-field-label-inline\" for=\"wpforms-7-field_7_1\">SIM<\/label><\/li><li class=\"choice-2 depth-1\"><input type=\"radio\" id=\"wpforms-7-field_7_2\" name=\"wpforms[fields][7]\" value=\"N\u00c3O\" aria-errormessage=\"wpforms-7-field_7_2-error\"  ><label class=\"wpforms-field-label-inline\" for=\"wpforms-7-field_7_2\">N\u00c3O<\/label><\/li><\/ul><\/fieldset><\/div><div id=\"wpforms-7-field_8-container\" class=\"wpforms-field wpforms-field-radio wpforms-list-2-columns\" data-field-id=\"8\"><fieldset><legend class=\"wpforms-field-label\">Os produtos da NF est\u00e3o de acordo com a AF?<\/legend><ul id=\"wpforms-7-field_8\"><li class=\"choice-1 depth-1\"><input type=\"radio\" id=\"wpforms-7-field_8_1\" name=\"wpforms[fields][8]\" value=\"SIM\" aria-errormessage=\"wpforms-7-field_8_1-error\"  ><label class=\"wpforms-field-label-inline\" for=\"wpforms-7-field_8_1\">SIM<\/label><\/li><li class=\"choice-2 depth-1\"><input type=\"radio\" id=\"wpforms-7-field_8_2\" name=\"wpforms[fields][8]\" value=\"N\u00c3O\" aria-errormessage=\"wpforms-7-field_8_2-error\"  ><label class=\"wpforms-field-label-inline\" for=\"wpforms-7-field_8_2\">N\u00c3O<\/label><\/li><\/ul><\/fieldset><\/div><div id=\"wpforms-7-field_9-container\" class=\"wpforms-field wpforms-field-radio wpforms-list-2-columns\" data-field-id=\"9\"><fieldset><legend class=\"wpforms-field-label\">As quantidades recebidas est\u00e3o de acordo com a AF?<\/legend><ul id=\"wpforms-7-field_9\"><li class=\"choice-1 depth-1\"><input type=\"radio\" id=\"wpforms-7-field_9_1\" name=\"wpforms[fields][9]\" value=\"SIM\" aria-errormessage=\"wpforms-7-field_9_1-error\"  ><label class=\"wpforms-field-label-inline\" for=\"wpforms-7-field_9_1\">SIM<\/label><\/li><li class=\"choice-2 depth-1\"><input type=\"radio\" id=\"wpforms-7-field_9_2\" name=\"wpforms[fields][9]\" value=\"N\u00c3O\" aria-errormessage=\"wpforms-7-field_9_2-error\"  ><label class=\"wpforms-field-label-inline\" for=\"wpforms-7-field_9_2\">N\u00c3O<\/label><\/li><\/ul><\/fieldset><\/div><div id=\"wpforms-7-field_10-container\" class=\"wpforms-field wpforms-field-radio wpforms-list-2-columns\" data-field-id=\"10\"><fieldset><legend class=\"wpforms-field-label\">Os valores de NF est\u00e3o de acordo com a AF?<\/legend><ul id=\"wpforms-7-field_10\"><li class=\"choice-1 depth-1\"><input type=\"radio\" id=\"wpforms-7-field_10_1\" name=\"wpforms[fields][10]\" value=\"SIM\" aria-errormessage=\"wpforms-7-field_10_1-error\"  ><label class=\"wpforms-field-label-inline\" for=\"wpforms-7-field_10_1\">SIM<\/label><\/li><li class=\"choice-2 depth-1\"><input type=\"radio\" id=\"wpforms-7-field_10_2\" name=\"wpforms[fields][10]\" value=\"N\u00c3O\" aria-errormessage=\"wpforms-7-field_10_2-error\"  ><label class=\"wpforms-field-label-inline\" for=\"wpforms-7-field_10_2\">N\u00c3O<\/label><\/li><\/ul><\/fieldset><\/div><div id=\"wpforms-7-field_11-container\" class=\"wpforms-field wpforms-field-radio wpforms-list-2-columns wpforms-conditional-trigger\" data-field-id=\"11\"><fieldset><legend class=\"wpforms-field-label\">Validade dos Produtos superior a 12 meses?<\/legend><ul id=\"wpforms-7-field_11\"><li class=\"choice-1 depth-1\"><input type=\"radio\" id=\"wpforms-7-field_11_1\" name=\"wpforms[fields][11]\" value=\"SIM\" aria-errormessage=\"wpforms-7-field_11_1-error\"  ><label class=\"wpforms-field-label-inline\" for=\"wpforms-7-field_11_1\">SIM<\/label><\/li><li class=\"choice-2 depth-1\"><input type=\"radio\" id=\"wpforms-7-field_11_2\" name=\"wpforms[fields][11]\" value=\"N\u00c3O\" aria-errormessage=\"wpforms-7-field_11_2-error\"  ><label class=\"wpforms-field-label-inline\" for=\"wpforms-7-field_11_2\">N\u00c3O<\/label><\/li><\/ul><\/fieldset><\/div><div id=\"wpforms-7-field_12-container\" class=\"wpforms-field wpforms-field-radio wpforms-list-2-columns wpforms-conditional-field wpforms-conditional-show\" data-field-id=\"12\" style=\"display:none;\"><fieldset><legend class=\"wpforms-field-label\">Possui carta de compromisso de troca (validade inferior a 12 meses)?<\/legend><ul id=\"wpforms-7-field_12\"><li class=\"choice-1 depth-1\"><input type=\"radio\" id=\"wpforms-7-field_12_1\" name=\"wpforms[fields][12]\" value=\"SIM\" aria-errormessage=\"wpforms-7-field_12_1-error\"  ><label class=\"wpforms-field-label-inline\" for=\"wpforms-7-field_12_1\">SIM<\/label><\/li><li class=\"choice-2 depth-1\"><input type=\"radio\" id=\"wpforms-7-field_12_2\" name=\"wpforms[fields][12]\" value=\"N\u00c3O\" aria-errormessage=\"wpforms-7-field_12_2-error\"  ><label class=\"wpforms-field-label-inline\" for=\"wpforms-7-field_12_2\">N\u00c3O<\/label><\/li><\/ul><\/fieldset><\/div><div id=\"wpforms-7-field_13-container\" class=\"wpforms-field wpforms-field-radio wpforms-list-2-columns\" data-field-id=\"13\"><fieldset><legend class=\"wpforms-field-label\">Embalagem com lote, data de fabrica\u00e7\u00e3o e validade?<\/legend><ul id=\"wpforms-7-field_13\"><li class=\"choice-1 depth-1\"><input type=\"radio\" id=\"wpforms-7-field_13_1\" name=\"wpforms[fields][13]\" value=\"SIM\" aria-errormessage=\"wpforms-7-field_13_1-error\"  ><label class=\"wpforms-field-label-inline\" for=\"wpforms-7-field_13_1\">SIM<\/label><\/li><li class=\"choice-2 depth-1\"><input type=\"radio\" id=\"wpforms-7-field_13_2\" name=\"wpforms[fields][13]\" value=\"N\u00c3O\" aria-errormessage=\"wpforms-7-field_13_2-error\"  ><label class=\"wpforms-field-label-inline\" for=\"wpforms-7-field_13_2\">N\u00c3O<\/label><\/li><\/ul><\/fieldset><\/div><div id=\"wpforms-7-field_14-container\" class=\"wpforms-field wpforms-field-radio wpforms-list-2-columns\" data-field-id=\"14\"><fieldset><legend class=\"wpforms-field-label\">Os produtos m\u00e9dicos hospitalares tem numero de registro na ANVISA?<\/legend><ul id=\"wpforms-7-field_14\"><li class=\"choice-1 depth-1\"><input type=\"radio\" id=\"wpforms-7-field_14_1\" name=\"wpforms[fields][14]\" value=\"SIM\" aria-errormessage=\"wpforms-7-field_14_1-error\"  ><label class=\"wpforms-field-label-inline\" for=\"wpforms-7-field_14_1\">SIM<\/label><\/li><li class=\"choice-2 depth-1\"><input type=\"radio\" id=\"wpforms-7-field_14_2\" name=\"wpforms[fields][14]\" value=\"N\u00c3O\" aria-errormessage=\"wpforms-7-field_14_2-error\"  ><label class=\"wpforms-field-label-inline\" for=\"wpforms-7-field_14_2\">N\u00c3O<\/label><\/li><\/ul><\/fieldset><\/div><div id=\"wpforms-7-field_15-container\" class=\"wpforms-field wpforms-field-radio wpforms-list-2-columns\" data-field-id=\"15\"><fieldset><legend class=\"wpforms-field-label\">Embalagem \u00edntegra, sem rasgos, rasuras ou informa\u00e7\u00f5es apagadas?<\/legend><ul id=\"wpforms-7-field_15\"><li class=\"choice-1 depth-1\"><input type=\"radio\" id=\"wpforms-7-field_15_1\" name=\"wpforms[fields][15]\" value=\"SIM\" aria-errormessage=\"wpforms-7-field_15_1-error\"  ><label class=\"wpforms-field-label-inline\" for=\"wpforms-7-field_15_1\">SIM<\/label><\/li><li class=\"choice-2 depth-1\"><input type=\"radio\" id=\"wpforms-7-field_15_2\" name=\"wpforms[fields][15]\" value=\"N\u00c3O\" aria-errormessage=\"wpforms-7-field_15_2-error\"  ><label class=\"wpforms-field-label-inline\" for=\"wpforms-7-field_15_2\">N\u00c3O<\/label><\/li><\/ul><\/fieldset><\/div><div id=\"wpforms-7-field_16-container\" class=\"wpforms-field wpforms-field-radio wpforms-list-2-columns\" data-field-id=\"16\"><fieldset><legend class=\"wpforms-field-label\">Entrega realizada dentro do prazo (at\u00e9 o dia 10)?<\/legend><ul id=\"wpforms-7-field_16\"><li class=\"choice-1 depth-1\"><input type=\"radio\" id=\"wpforms-7-field_16_1\" name=\"wpforms[fields][16]\" value=\"SIM\" aria-errormessage=\"wpforms-7-field_16_1-error\"  ><label class=\"wpforms-field-label-inline\" for=\"wpforms-7-field_16_1\">SIM<\/label><\/li><li class=\"choice-2 depth-1\"><input type=\"radio\" id=\"wpforms-7-field_16_2\" name=\"wpforms[fields][16]\" value=\"N\u00c3O\" aria-errormessage=\"wpforms-7-field_16_2-error\"  ><label class=\"wpforms-field-label-inline\" for=\"wpforms-7-field_16_2\">N\u00c3O<\/label><\/li><\/ul><\/fieldset><\/div><div id=\"wpforms-7-field_17-container\" class=\"wpforms-field wpforms-field-radio wpforms-list-2-columns\" data-field-id=\"17\"><fieldset><legend class=\"wpforms-field-label\">Entrega realizada dentro do hor\u00e1rio de recebimento (at\u00e9 as 17h)?<\/legend><ul id=\"wpforms-7-field_17\"><li class=\"choice-1 depth-1\"><input type=\"radio\" id=\"wpforms-7-field_17_1\" name=\"wpforms[fields][17]\" value=\"SIM\" aria-errormessage=\"wpforms-7-field_17_1-error\"  ><label class=\"wpforms-field-label-inline\" for=\"wpforms-7-field_17_1\">SIM<\/label><\/li><li class=\"choice-2 depth-1\"><input type=\"radio\" id=\"wpforms-7-field_17_2\" name=\"wpforms[fields][17]\" value=\"N\u00c3O\" aria-errormessage=\"wpforms-7-field_17_2-error\"  ><label class=\"wpforms-field-label-inline\" for=\"wpforms-7-field_17_2\">N\u00c3O<\/label><\/li><\/ul><\/fieldset><\/div><div id=\"wpforms-7-field_18-container\" class=\"wpforms-field wpforms-field-radio wpforms-list-3-columns\" data-field-id=\"18\"><fieldset><legend class=\"wpforms-field-label\">Situa\u00e7\u00e3o<\/legend><ul id=\"wpforms-7-field_18\"><li class=\"choice-1 depth-1\"><input type=\"radio\" id=\"wpforms-7-field_18_1\" name=\"wpforms[fields][18]\" value=\"APROVADO\" aria-errormessage=\"wpforms-7-field_18_1-error\"  ><label class=\"wpforms-field-label-inline\" for=\"wpforms-7-field_18_1\">APROVADO<\/label><\/li><li class=\"choice-2 depth-1\"><input type=\"radio\" id=\"wpforms-7-field_18_2\" name=\"wpforms[fields][18]\" value=\"APROVADO COM RESTRI\u00c7\u00c3O\" aria-errormessage=\"wpforms-7-field_18_2-error\"  ><label class=\"wpforms-field-label-inline\" for=\"wpforms-7-field_18_2\">APROVADO COM RESTRI\u00c7\u00c3O<\/label><\/li><li class=\"choice-5 depth-1\"><input type=\"radio\" id=\"wpforms-7-field_18_5\" name=\"wpforms[fields][18]\" value=\"REPROVADO\" aria-errormessage=\"wpforms-7-field_18_5-error\"  ><label class=\"wpforms-field-label-inline\" for=\"wpforms-7-field_18_5\">REPROVADO<\/label><\/li><\/ul><\/fieldset><\/div><div id=\"wpforms-7-field_19-container\" class=\"wpforms-field wpforms-field-textarea\" data-field-id=\"19\"><label class=\"wpforms-field-label\" for=\"wpforms-7-field_19\">Observa\u00e7\u00f5es<\/label><textarea id=\"wpforms-7-field_19\" class=\"wpforms-field-medium\" name=\"wpforms[fields][19]\" aria-errormessage=\"wpforms-7-field_19-error\" ><\/textarea><\/div><div id=\"wpforms-7-field_20-container\" class=\"wpforms-field wpforms-field-text\" data-field-id=\"20\"><label class=\"wpforms-field-label\" for=\"wpforms-7-field_20\">Respons\u00e1vel pela confer\u00eancia:<\/label><input type=\"text\" id=\"wpforms-7-field_20\" class=\"wpforms-field-medium\" name=\"wpforms[fields][20]\" aria-errormessage=\"wpforms-7-field_20-error\" ><\/div><div id=\"wpforms-7-field_25-container\" class=\"wpforms-field wpforms-field-html\" data-field-id=\"25\"><div id=\"wpforms-7-field_25\" aria-errormessage=\"wpforms-7-field_25-error\"><a href=\"#\" onClick=\"window.print()\">Print this page<\/a><\/div><\/div><div id=\"wpforms-7-field_21-container\" class=\"wpforms-field wpforms-field-pagebreak\" data-field-id=\"21\"><div class=\"wpforms-clear wpforms-pagebreak-left\"><button class=\"wpforms-page-button wpforms-page-next wpforms-disabled\"\n\t\t\t\t\tdata-action=\"next\" data-page=\"1\" data-formid=\"7\" aria-disabled=\"true\" aria-describedby=\"wpforms-error-noscript\">Next<\/button><\/div><\/div><\/div><div class=\"wpforms-page wpforms-page-2 last \" data-page=\"2\" style=\"display:none;\"><div id=\"wpforms-7-field_24-container\" class=\"wpforms-field wpforms-field-entry-preview\" data-field-id=\"24\"><div class=\"wpforms-entry-preview-updating-message\">Updating preview\u2026<\/div><div class=\"wpforms-entry-preview-notice\" style=\"display: none;\"><strong>This is a preview of your submission. It has not been submitted yet!<\/strong><br \/>\r\nPlease take a moment to verify your information. You can also go back to make changes.<\/div><div class=\"wpforms-entry-preview-wrapper\" style=\"display: none;\"><\/div><\/div><div id=\"wpforms-7-field_23-container\" class=\"wpforms-field wpforms-field-pagebreak\" data-field-id=\"23\"><div class=\"wpforms-clear wpforms-pagebreak-left\"><button class=\"wpforms-page-button wpforms-page-prev wpforms-disabled\"\n\t\t\t\t\tdata-action=\"prev\" data-page=\"2\" data-formid=\"7\" aria-disabled=\"true\" aria-describedby=\"wpforms-error-noscript\">Previous<\/button><\/div><\/div><\/div><\/div><!-- .wpforms-field-container --><div class=\"wpforms-submit-container\" style=\"display:none;\"><input type=\"hidden\" name=\"wpforms[id]\" value=\"7\"><input type=\"hidden\" name=\"page_title\" value=\"\"><input type=\"hidden\" name=\"page_url\" value=\"https:\/\/hmdecg.dyn.mk\/index.php?rest_route=%2Fwp%2Fv2%2Fpages%2F21\"><button type=\"submit\" name=\"wpforms[submit]\" id=\"wpforms-submit-7\" class=\"wpforms-submit\" data-alt-text=\"Sending...\" data-submit-text=\"Enviar\" aria-live=\"assertive\" value=\"wpforms-submit\">Enviar<\/button><img loading=\"lazy\" decoding=\"async\" src=\"https:\/\/hmdecg.dyn.mk\/wp-content\/plugins\/wpforms\/assets\/images\/submit-spin.svg\" class=\"wpforms-submit-spinner\" style=\"display: none;\" width=\"26\" height=\"26\" alt=\"Loading\"><\/div><\/form><\/div>  <!-- .wpforms-container -->","protected":false},"excerpt":{"rendered":"","protected":false},"author":1,"featured_media":0,"parent":0,"menu_order":0,"comment_status":"closed","ping_status":"closed","template":"sem-nada","meta":{"_acf_changed":false,"footnotes":""},"class_list":["post-21","page","type-page","status-publish","hentry"],"acf":[],"_links":{"self":[{"href":"https:\/\/hmdecg.dyn.mk\/index.php?rest_route=\/wp\/v2\/pages\/21","targetHints":{"allow":["GET"]}}],"collection":[{"href":"https:\/\/hmdecg.dyn.mk\/index.php?rest_route=\/wp\/v2\/pages"}],"about":[{"href":"https:\/\/hmdecg.dyn.mk\/index.php?rest_route=\/wp\/v2\/types\/page"}],"author":[{"embeddable":true,"href":"https:\/\/hmdecg.dyn.mk\/index.php?rest_route=\/wp\/v2\/users\/1"}],"replies":[{"embeddable":true,"href":"https:\/\/hmdecg.dyn.mk\/index.php?rest_route=%2Fwp%2Fv2%2Fcomments&post=21"}],"version-history":[{"count":2,"href":"https:\/\/hmdecg.dyn.mk\/index.php?rest_route=\/wp\/v2\/pages\/21\/revisions"}],"predecessor-version":[{"id":48,"href":"https:\/\/hmdecg.dyn.mk\/index.php?rest_route=\/wp\/v2\/pages\/21\/revisions\/48"}],"wp:attachment":[{"href":"https:\/\/hmdecg.dyn.mk\/index.php?rest_route=%2Fwp%2Fv2%2Fmedia&parent=21"}],"curies":[{"name":"wp","href":"https:\/\/api.w.org\/{rel}","templated":true}]}}